{"id":4104,"date":"2017-06-20T19:37:53","date_gmt":"2017-06-20T19:37:53","guid":{"rendered":"http:\/\/preview.heide-mudokwan.de\/?page_id=4104"},"modified":"2017-07-25T13:11:51","modified_gmt":"2017-07-25T12:11:51","slug":"kup-pruefungsordnung","status":"publish","type":"page","link":"https:\/\/heide-mudokwan.de\/?page_id=4104","title":{"rendered":"Pr\u00fcfungsordnung der G\u00fcrtelpr\u00fcfungen"},"content":{"rendered":"<section class=\"l-section wpb_row height_medium\"><div class=\"l-section-h i-cf\"><div class=\"g-cols vc_row via_flex valign_top type_default stacking_default\"><div class=\"vc_col-sm-12 wpb_column vc_column_container\"><div class=\"vc_column-inner\"><div class=\"wpb_wrapper\"><div class=\"wpb_text_column\"><div class=\"wpb_wrapper\"><h3>Downloads f\u00fcr Pr\u00fcfungen<\/h3>\n<span id=\"tablepress-11-description\" class=\"tablepress-table-description tablepress-table-description-id-11\">Dokumente \u00fcber den Pr\u00fcfungsablauf und das abgefragte theoretische Wissen<\/span>\n\n<table id=\"tablepress-11\" class=\"tablepress tablepress-id-11\" aria-describedby=\"tablepress-11-description\">\n<tbody class=\"row-striping row-hover\">\n<tr class=\"row-1\">\n\t<td class=\"column-1\">Excel-Mappe mit Pr\u00fcfungsablauf und Anforderungen der Pr\u00fcfungen inkl. \u00dcbersicht und Theorie<\/td><td class=\"column-2\"><a href=\"https:\/\/heide-mudokwan.de\/?attachment_id=4529\" target=\"_blank\">HMK_PO_Pr\u00fcfungsanforderungen_9bis1Kup_2017_07.xls<\/a><\/td>\n<\/tr>\n<tr class=\"row-2\">\n\t<td class=\"column-1\">Gesamt\u00fcbersicht der Pr\u00fcfungen und Ihrer Abl\u00e4ufe<\/td><td class=\"column-2\"><a href=\"https:\/\/heide-mudokwan.de\/?attachment_id=4531\"  target=\"_blank\">HMK_PO_\u00dcbersicht.pdf<\/a><\/td>\n<\/tr>\n<tr class=\"row-3\">\n\t<td class=\"column-1\">Der Notwehrparagraph<\/td><td class=\"column-2\"><a href=\"https:\/\/heide-mudokwan.de\/?attachment_id=4328\" target=\"_blank\">HMK_PO_Theorie_Notwehrparagraph_2017_03.pdf<\/a><\/td>\n<\/tr>\n<tr class=\"row-4\">\n\t<td class=\"column-1\">Geschichtswissen zur Entstehung von Taekwondo<\/td><td class=\"column-2\"><a href=\"https:\/\/heide-mudokwan.de\/?attachment_id=4327\" target=\"_blank\">HMK_PO_Theorie_Geschichte.pdf<\/a><\/td>\n<\/tr>\n<tr class=\"row-5\">\n\t<td class=\"column-1\"><\/td><td class=\"column-2\"><\/td>\n<\/tr>\n<tr class=\"row-6\">\n\t<td class=\"column-1\">Pr\u00fcfungsordnung f\u00fcr Kup-, Poom- und Dangrade (PO)<\/td><td class=\"column-2\"><a href=\"https:\/\/dtu.ccmmss.de\/wp-content\/uploads\/2016\/04\/Pru\u0308fungsordnung-10.1-Stand-2017-04-02-1.pdf\" target=\"_blank\">Externer Link zur PO der DTU-Webseite<\/a><\/td>\n<\/tr>\n<\/tbody>\n<\/table>\n<!-- #tablepress-11 from cache -->\n<h3>Gr\u00fcnds\u00e4tzliches<\/h3>\n\n<table id=\"tablepress-31\" class=\"tablepress tablepress-id-31\">\n<tbody class=\"row-striping row-hover\">\n<tr class=\"row-1\">\n\t<td class=\"column-1\">Selbstverteidigung:<\/td><td class=\"column-2\">Kein Messer und Stock bis einschlie\u00dflich 15 Lj.<br \/>\nWUF (W\u00fcrgen-Umklammern-Fassen) = Nahe Distanz<br \/>\nMS (Messer \/ Stock)<\/td>\n<\/tr>\n<tr class=\"row-2\">\n\t<td class=\"column-1\">Bruchtestmaterial:<\/td><td class=\"column-2\">Bruchtest erst ab 15 Jahre<br \/>\nBretterst\u00e4rke = 0,2 cm Toleranz<br \/>\n<br \/>\nJugendliche (m\/w) von 15 - 17 Jahre mind. 1,5 cm<br \/>\nFrauen von 18 -49 Jahre mind. 2 cm<br \/>\nFrauen ab 50 mind. 1,5 cm<br \/>\nM\u00e4nner von 18 bis 49 Jahre mind. 2,5 cm<br \/>\nM\u00e4nner ab 50 Jahre mind. 2 cm<\/td>\n<\/tr>\n<tr class=\"row-3\">\n\t<td class=\"column-1\">Schutzausr\u00fcstung:<\/td><td class=\"column-2\">Vorgaben nach aktueller Pr\u00fcfungsordnung (PO)<\/td>\n<\/tr>\n<\/tbody>\n<\/table>\n<!-- #tablepress-31 from cache -->\n<h3>Pr\u00fcfungsanforderungen<\/h3>\n\n<table id=\"tablepress-15\" class=\"tablepress tablepress-id-15\">\n<tbody class=\"row-striping row-hover\">\n<tr class=\"row-1\">\n\t<td class=\"column-1\">10. Kup<br \/>\n<span class=\"td_bg_white\" >###############<\/span><\/td><td class=\"column-2\">zum<\/td><td class=\"column-3\">9. Kup <br \/>\n<span class=\"td_bg_white\" >##########<\/span><span class=\"td_bg_yellow\" >##<\/span><span class=\"td_bg_white\" >###<\/span><\/td><td class=\"column-4\"><a href=\"https:\/\/heide-mudokwan.de\/?page_id=4406\" target=\"_blank\">Ablauf  und Anforderungen der Pr\u00fcfung zum 9. Kup<\/a><\/td>\n<\/tr>\n<tr class=\"row-2\">\n\t<td class=\"column-1\"><\/td><td class=\"column-2\"><\/td><td class=\"column-3\"><\/td><td class=\"column-4\"><\/td>\n<\/tr>\n<tr class=\"row-3\">\n\t<td class=\"column-1\">9. Kup <br \/>\n<span class=\"td_bg_white\" >##########<\/span><span class=\"td_bg_yellow\" >##<\/span><span class=\"td_bg_white\" >###<\/span><\/td><td class=\"column-2\">zum<\/td><td class=\"column-3\">8. Kup<br \/>\n<span class=\"td_bg_yellow\" >###############<\/span><\/td><td class=\"column-4\"><a href=\"https:\/\/heide-mudokwan.de\/?page_id=4560\" target=\"_blank\">Ablauf  und Anforderungen der Pr\u00fcfung zum 8. Kup<\/a><\/td>\n<\/tr>\n<tr class=\"row-4\">\n\t<td class=\"column-1\"><\/td><td class=\"column-2\"><\/td><td class=\"column-3\"><\/td><td class=\"column-4\"><\/td>\n<\/tr>\n<tr class=\"row-5\">\n\t<td class=\"column-1\">8. Kup<br \/>\n<span class=\"td_bg_yellow\" >###############<\/span><\/td><td class=\"column-2\">zum<\/td><td class=\"column-3\">7. Kup <br \/>\n<span class=\"td_bg_yellow\" >##########<\/span><span class=\"td_bg_green\" >##<\/span><span class=\"td_bg_yellow\" >###<\/span><\/td><td class=\"column-4\"><a href=\"https:\/\/heide-mudokwan.de\/?page_id=4568\" target=\"_blank\">Ablauf  und Anforderungen der Pr\u00fcfung zum 7. Kup<\/a><\/td>\n<\/tr>\n<tr class=\"row-6\">\n\t<td class=\"column-1\"><\/td><td class=\"column-2\"><\/td><td class=\"column-3\"><\/td><td class=\"column-4\"><\/td>\n<\/tr>\n<tr class=\"row-7\">\n\t<td class=\"column-1\">7. Kup <br \/>\n<span class=\"td_bg_yellow\" >##########<\/span><span class=\"td_bg_green\" >##<\/span><span class=\"td_bg_yellow\" >###<\/span><\/td><td class=\"column-2\">zum<\/td><td class=\"column-3\">6. Kup<br \/>\n<span class=\"td_bg_green\" >###############<\/span><\/td><td class=\"column-4\"><a href=\"https:\/\/heide-mudokwan.de\/?page_id=4583\" target=\"_blank\">Ablauf  und Anforderungen der Pr\u00fcfung zum 6. Kup<\/a><\/td>\n<\/tr>\n<tr class=\"row-8\">\n\t<td class=\"column-1\"><\/td><td class=\"column-2\"><\/td><td class=\"column-3\"><\/td><td class=\"column-4\"><\/td>\n<\/tr>\n<tr class=\"row-9\">\n\t<td class=\"column-1\">6. Kup<br \/>\n<span class=\"td_bg_green\" >###############<\/span><\/td><td class=\"column-2\">zum<\/td><td class=\"column-3\">5. Kup <br \/>\n<span class=\"td_bg_green\" >##########<\/span><span class=\"td_bg_blue\" >##<\/span><span class=\"td_bg_green\" >###<\/span><\/td><td class=\"column-4\"><a href=\"https:\/\/heide-mudokwan.de\/?page_id=4597\" target=\"_blank\">Ablauf  und Anforderungen der Pr\u00fcfung zum 5. Kup<\/a><\/td>\n<\/tr>\n<tr class=\"row-10\">\n\t<td class=\"column-1\"><\/td><td class=\"column-2\"><\/td><td class=\"column-3\"><\/td><td class=\"column-4\"><\/td>\n<\/tr>\n<tr class=\"row-11\">\n\t<td class=\"column-1\">5. Kup <br \/>\n<span class=\"td_bg_green\" >##########<\/span><span class=\"td_bg_blue\" >##<\/span><span class=\"td_bg_green\" >###<\/span><\/td><td class=\"column-2\">zum<\/td><td class=\"column-3\">4. Kup<br \/>\n<span class=\"td_bg_blue\" >###############<\/span><\/td><td class=\"column-4\"><a href=\"https:\/\/heide-mudokwan.de\/?page_id=4606\" target=\"_blank\">Ablauf  und Anforderungen der Pr\u00fcfung zum 4. Kup<\/a><\/td>\n<\/tr>\n<tr class=\"row-12\">\n\t<td class=\"column-1\"><\/td><td class=\"column-2\"><\/td><td class=\"column-3\"><\/td><td class=\"column-4\"><\/td>\n<\/tr>\n<tr class=\"row-13\">\n\t<td class=\"column-1\">4. Kup<br \/>\n<span class=\"td_bg_blue\" >###############<\/span><\/td><td class=\"column-2\">zum<\/td><td class=\"column-3\">3. Kup <br \/>\n<span class=\"td_bg_blue\" >##########<\/span><span class=\"td_bg_brown\" >##<\/span><span class=\"td_bg_blue\" >###<\/span><\/td><td class=\"column-4\"><a href=\"https:\/\/heide-mudokwan.de\/?page_id=4612\" target=\"_blank\">Ablauf  und Anforderungen der Pr\u00fcfung zum 3. Kup<\/a><\/td>\n<\/tr>\n<tr class=\"row-14\">\n\t<td class=\"column-1\"><\/td><td class=\"column-2\"><\/td><td class=\"column-3\"><\/td><td class=\"column-4\"><\/td>\n<\/tr>\n<tr class=\"row-15\">\n\t<td class=\"column-1\">3. Kup <br \/>\n<span class=\"td_bg_blue\" >##########<\/span><span class=\"td_bg_brown\" >##<\/span><span class=\"td_bg_blue\" >###<\/span><\/td><td class=\"column-2\">zum<\/td><td class=\"column-3\">2. Kup<br \/>\n<span class=\"td_bg_brown\" >###############<\/span><\/td><td class=\"column-4\"><a href=\"https:\/\/heide-mudokwan.de\/?page_id=4627\" target=\"_blank\">Ablauf  und Anforderungen der Pr\u00fcfung zum 2. Kup<\/a><\/td>\n<\/tr>\n<tr class=\"row-16\">\n\t<td class=\"column-1\"><\/td><td class=\"column-2\"><\/td><td class=\"column-3\"><\/td><td class=\"column-4\"><\/td>\n<\/tr>\n<tr class=\"row-17\">\n\t<td class=\"column-1\">2. Kup<br \/>\n<span class=\"td_bg_brown\" >###############<\/span><\/td><td class=\"column-2\">zum<\/td><td class=\"column-3\">1. Kup <br \/>\n<span class=\"td_bg_brown\" >##########<\/span><span class=\"td_bg_black\" >##<\/span><span class=\"td_bg_brown\" >###<\/span><\/td><td class=\"column-4\"><a href=\"https:\/\/heide-mudokwan.de\/?page_id=4629\" target=\"_blank\">Ablauf  und Anforderungen der Pr\u00fcfung zum 1. Kup<\/a><\/td>\n<\/tr>\n<tr class=\"row-18\">\n\t<td class=\"column-1\"><\/td><td class=\"column-2\"><\/td><td class=\"column-3\"><\/td><td class=\"column-4\"><\/td>\n<\/tr>\n<tr class=\"row-19\">\n\t<td class=\"column-1\">1. Kup <br \/>\n<span class=\"td_bg_brown\" >##########<\/span><span class=\"td_bg_black\" >##<\/span><span class=\"td_bg_brown\" >###<\/span><\/td><td class=\"column-2\">zum<\/td><td class=\"column-3\">1. Dan<br \/>\n<span class=\"td_bg_black\" >###############<\/span><\/td><td class=\"column-4\"><a href=\"https:\/\/heide-mudokwan.de\/?page_id=4639\" target=\"_blank\">Ablauf  und Anforderungen der Pr\u00fcfung zum 1. Dan<\/a><\/td>\n<\/tr>\n<\/tbody>\n<\/table>\n<!-- #tablepress-15 from cache -->\n<\/div><\/div><\/div><\/div><\/div><\/div><\/div><\/section>\n","protected":false},"excerpt":{"rendered":"Downloads f\u00fcr Pr\u00fcfungen Dokumente \u00fcber den Pr\u00fcfungsablauf und das abgefragte theoretische Wissen Excel-Mappe mit Pr\u00fcfungsablauf und Anforderungen der Pr\u00fcfungen inkl. \u00dcbersicht und TheorieHMK_PO_Pr\u00fcfungsanforderungen_9bis1Kup_2017_07.xls Gesamt\u00fcbersicht der Pr\u00fcfungen und Ihrer Abl\u00e4ufeHMK_PO_\u00dcbersicht.pdf Der...","protected":false},"author":5,"featured_media":0,"parent":0,"menu_order":0,"comment_status":"closed","ping_status":"closed","template":"","meta":{"footnotes":""},"class_list":["post-4104","page","type-page","status-publish","hentry"],"_links":{"self":[{"href":"https:\/\/heide-mudokwan.de\/index.php?rest_route=\/wp\/v2\/pages\/4104","targetHints":{"allow":["GET"]}}],"collection":[{"href":"https:\/\/heide-mudokwan.de\/index.php?rest_route=\/wp\/v2\/pages"}],"about":[{"href":"https:\/\/heide-mudokwan.de\/index.php?rest_route=\/wp\/v2\/types\/page"}],"author":[{"embeddable":true,"href":"https:\/\/heide-mudokwan.de\/index.php?rest_route=\/wp\/v2\/users\/5"}],"replies":[{"embeddable":true,"href":"https:\/\/heide-mudokwan.de\/index.php?rest_route=%2Fwp%2Fv2%2Fcomments&post=4104"}],"version-history":[{"count":10,"href":"https:\/\/heide-mudokwan.de\/index.php?rest_route=\/wp\/v2\/pages\/4104\/revisions"}],"predecessor-version":[{"id":4647,"href":"https:\/\/heide-mudokwan.de\/index.php?rest_route=\/wp\/v2\/pages\/4104\/revisions\/4647"}],"wp:attachment":[{"href":"https:\/\/heide-mudokwan.de\/index.php?rest_route=%2Fwp%2Fv2%2Fmedia&parent=4104"}],"curies":[{"name":"wp","href":"https:\/\/api.w.org\/{rel}","templated":true}]}}