{"id":4112,"date":"2017-06-20T19:43:00","date_gmt":"2017-06-20T19:43:00","guid":{"rendered":"http:\/\/preview.heide-mudokwan.de\/?page_id=4112"},"modified":"2017-07-10T15:09:02","modified_gmt":"2017-07-10T14:09:02","slug":"selbstverteidigung","status":"publish","type":"page","link":"https:\/\/heide-mudokwan.de\/?page_id=4112","title":{"rendered":"Selbstverteidigung"},"content":{"rendered":"<p>Bei der Selbstverteidigung, im Taekwondo-Training &#8222;Hosinsul&#8220; genannt, wird die Umsetzung von Taekwondotechniken in Alltagssituationen trainiert. Anf\u00e4nger lernen zun\u00e4chst schrittweise die Abwehr von Angriffen durch unbewaffnete Gegner und Griffbefreiung. Fortgeschrittene Sch\u00fcler werden auch in den Bodenkampf und die Abwehr von Messer- und Stockangriffen sowie die Verteidigung in Raum- und Zeitnot eingewiesen. Trainingsziel ist es, eine gewisse Routine bei Angriffen zu erlangen, um in einer Gefahrensituation richtig reagieren zu k\u00f6nnen. Neben den Bewegungsabl\u00e4ufen wird in den Trainingseinheiten auch richtiges Verhalten ge\u00fcbt, was gerade bei Kindern und Frauen eine besondere Rolle spielt und durch die Erkenntnis, nicht wehrlos zu sein, das Selbstbewusstsein gest\u00e4rkt. Ziel des Trainings ist ein realistischer Eindruck einer m\u00f6glichst erfolgreichen Selbstverteidigungsm\u00f6glichkeit. Die F\u00e4higkeit zur effektiven Selbstverteigung Bedarf eines langen Trainings, weshalb das Hosinsul st\u00e4ndiger Begleiter in den Trainingseinheiten ist.<\/p>\n","protected":false},"excerpt":{"rendered":"<p>Bei der Selbstverteidigung, im Taekwondo-Training &#8222;Hosinsul&#8220; genannt, wird die Umsetzung von Taekwondotechniken in Alltagssituationen trainiert. Anf\u00e4nger lernen zun\u00e4chst schrittweise die Abwehr von Angriffen durch unbewaffnete Gegner und Griffbefreiung. Fortgeschrittene Sch\u00fcler&#8230;<\/p>\n","protected":false},"author":5,"featured_media":0,"parent":0,"menu_order":0,"comment_status":"closed","ping_status":"closed","template":"","meta":{"footnotes":""},"class_list":["post-4112","page","type-page","status-publish","hentry"],"_links":{"self":[{"href":"https:\/\/heide-mudokwan.de\/index.php?rest_route=\/wp\/v2\/pages\/4112","targetHints":{"allow":["GET"]}}],"collection":[{"href":"https:\/\/heide-mudokwan.de\/index.php?rest_route=\/wp\/v2\/pages"}],"about":[{"href":"https:\/\/heide-mudokwan.de\/index.php?rest_route=\/wp\/v2\/types\/page"}],"author":[{"embeddable":true,"href":"https:\/\/heide-mudokwan.de\/index.php?rest_route=\/wp\/v2\/users\/5"}],"replies":[{"embeddable":true,"href":"https:\/\/heide-mudokwan.de\/index.php?rest_route=%2Fwp%2Fv2%2Fcomments&post=4112"}],"version-history":[{"count":3,"href":"https:\/\/heide-mudokwan.de\/index.php?rest_route=\/wp\/v2\/pages\/4112\/revisions"}],"predecessor-version":[{"id":4424,"href":"https:\/\/heide-mudokwan.de\/index.php?rest_route=\/wp\/v2\/pages\/4112\/revisions\/4424"}],"wp:attachment":[{"href":"https:\/\/heide-mudokwan.de\/index.php?rest_route=%2Fwp%2Fv2%2Fmedia&parent=4112"}],"curies":[{"name":"wp","href":"https:\/\/api.w.org\/{rel}","templated":true}]}}