{"id":4114,"date":"2017-06-20T19:44:16","date_gmt":"2017-06-20T19:44:16","guid":{"rendered":"http:\/\/preview.heide-mudokwan.de\/?page_id=4114"},"modified":"2017-08-30T16:10:01","modified_gmt":"2017-08-30T15:10:01","slug":"unser-training","status":"publish","type":"page","link":"https:\/\/heide-mudokwan.de\/?page_id=4114","title":{"rendered":"Unser Training"},"content":{"rendered":"<h3>Aufbau unseres Trainings<\/h3>\n<p>Wir starten mit umfangreichem Aufw\u00e4rmen, Gymnastik und Stretching.<\/p>\n<p>In dessen Anschluss werden dann in unterschiedlicher Reihenfolge und Schwerpunktsetzung die Taekwondo-Disziplinen trainiert. Da wir in unseren Trainings eine gut gemischte Gruppe von Anf\u00e4ngern bis hin zu langj\u00e4hrigen Schwarzgurt-Tr\u00e4gern sind, bilden unsere Trainer je nach Situation die Trainingspaare bzw. -gruppen innerhalb der Trainingseinheit nach Bedarf und Teilnehmerm\u00f6glichkeiten..<\/p>\n<h5>a) Grundtechniken<\/h5>\n<p>Im Anf\u00e4ngertraining stehen noch die einzelnen Grundtechniken im Mittelpunkt. Dazu die Kontrolle und Koordination der richtigen Bewegungen. Sp\u00e4ter dann Bewegungsreihenfolgen und die Verfeinerung der Hand- und Fu\u00dftechniken.<\/p>\n<h5>b) dynamische Techniken und Wettkampftraining<\/h5>\n<p>Auf verschiedene Pratzen (mit den H\u00e4nden gehaltene Schlagpolster) trainieren wir die Fu\u00dftechniken des Taekwondo. Step\u00fcbungen und Kampf mit einem Partner. 1:1, d.h. abwechselnde Angriffe. Sp\u00e4ter Sparring ohne Kontakt bis zum Vollkontakt. Zum Schutz tragen wir Schutzausr\u00fcstungen (Link Schutzausr\u00fcstungen kommt hier noch hin), die zu Beginn vom Verein gestellt wird.<\/p>\n<h5>c) Abgesprochener Ein-Schrittkampf Ilbo-Taeryo<\/h5>\n<p>W\u00e4hrend im Wettkampftraining der Fokus auf Dynamik, Schnelligkeit und effektivem Reagieren liegt, ist in dieser Einheit die saubere Ausf\u00fchrung von Bewegungsabl\u00e4ufen wieder Schwerpunkt. Zus\u00e4tzlich wird das Distanzgef\u00fchl und die K\u00f6rperbeherrschung trainiert.<\/p>\n<h5>d) Poomsae<\/h5>\n<p>Auf Taekwondo-Turnieren werden nicht nur Wettk\u00e4mpfe ausgetragen, sondern es gibt auch Formen-Turniere. Im Training \u00fcben wir den korrekten Ablauf und Ausf\u00fchrung der einzelnen Schattenk\u00e4mpfe.<\/p>\n<h5>e) Selbstverteidigung<\/h5>\n<p>Trainingsziel dieses Abschnitts ist es, eine gewisse Routine bei Angriffen zu erlangen, um in einer Gefahrensituation richtig reagieren zu k\u00f6nnen. Neben den Bewegungsabl\u00e4ufen wird in den Trainingseinheiten auch richtiges Verhalten ge\u00fcbt, was gerade bei Kindern und Frauen eine besondere Rolle spielt und durch die Erkenntnis, nicht wehrlos zu sein, das Selbstbewusstsein st\u00e4rkt. Ziel des Trainings ist ein realistischer Eindruck einer m\u00f6glichst erfolgreichen Selbstverteidigungsm\u00f6glichkeit. Die F\u00e4higkeit zur effektiven Selbstverteidigung Bedarf eines langen Trainings, weshalb das Hosinsul st\u00e4ndiger Begleiter in den Trainingseinheiten ist.<\/p>\n","protected":false},"excerpt":{"rendered":"<p>Aufbau unseres Trainings Wir starten mit umfangreichem Aufw\u00e4rmen, Gymnastik und Stretching. In dessen Anschluss werden dann in unterschiedlicher Reihenfolge und Schwerpunktsetzung die Taekwondo-Disziplinen trainiert. Da wir in unseren Trainings eine&#8230;<\/p>\n","protected":false},"author":5,"featured_media":0,"parent":0,"menu_order":0,"comment_status":"closed","ping_status":"closed","template":"","meta":{"footnotes":""},"class_list":["post-4114","page","type-page","status-publish","hentry"],"_links":{"self":[{"href":"https:\/\/heide-mudokwan.de\/index.php?rest_route=\/wp\/v2\/pages\/4114","targetHints":{"allow":["GET"]}}],"collection":[{"href":"https:\/\/heide-mudokwan.de\/index.php?rest_route=\/wp\/v2\/pages"}],"about":[{"href":"https:\/\/heide-mudokwan.de\/index.php?rest_route=\/wp\/v2\/types\/page"}],"author":[{"embeddable":true,"href":"https:\/\/heide-mudokwan.de\/index.php?rest_route=\/wp\/v2\/users\/5"}],"replies":[{"embeddable":true,"href":"https:\/\/heide-mudokwan.de\/index.php?rest_route=%2Fwp%2Fv2%2Fcomments&post=4114"}],"version-history":[{"count":6,"href":"https:\/\/heide-mudokwan.de\/index.php?rest_route=\/wp\/v2\/pages\/4114\/revisions"}],"predecessor-version":[{"id":4790,"href":"https:\/\/heide-mudokwan.de\/index.php?rest_route=\/wp\/v2\/pages\/4114\/revisions\/4790"}],"wp:attachment":[{"href":"https:\/\/heide-mudokwan.de\/index.php?rest_route=%2Fwp%2Fv2%2Fmedia&parent=4114"}],"curies":[{"name":"wp","href":"https:\/\/api.w.org\/{rel}","templated":true}]}}