{"id":4116,"date":"2017-06-20T19:45:13","date_gmt":"2017-06-20T19:45:13","guid":{"rendered":"http:\/\/preview.heide-mudokwan.de\/?page_id=4116"},"modified":"2024-03-06T11:24:10","modified_gmt":"2024-03-06T10:24:10","slug":"probetraining","status":"publish","type":"page","link":"https:\/\/heide-mudokwan.de\/?page_id=4116","title":{"rendered":"Probetraining"},"content":{"rendered":"<section class=\"l-section wpb_row height_medium\"><div class=\"l-section-h i-cf\"><div class=\"g-cols vc_row via_flex valign_top type_default stacking_default\"><div class=\"vc_col-sm-12 wpb_column vc_column_container\"><div class=\"vc_column-inner\"><div class=\"wpb_wrapper\"><div class=\"wpb_text_column us_custom_8832139c\"><div class=\"wpb_wrapper\"><h3>Eine Probeteilnahme an unseren vielseitigen Trainingseinheiten ist jederzeit m\u00f6glich.<\/h3>\n<p>Unsere ausgebildeten Trainer gestalten die Trainingseinheiten mit abwechselnden Schwerpunkten, um den Themenfeldern des Taekwondo gerecht zu werden:<\/p>\n<ul>\n<li>die Grundschule \u00fcber die saubere Durchf\u00fchrung der einzelnen Techniken bis hin zu den Formen,<\/li>\n<li>das Wettkampftraining und schlie\u00dflich<\/li>\n<li>die Selbstverteidigung.<\/li>\n<\/ul>\n<p>Nur zum Kindertraining m\u00fcssen wir klar sagen, dass dort eher die Bewegung und der Spa\u00df neben Koordination und Selbstbeherrschung im Vordergrund stehen. Und nat\u00fcrlich nicht zu vernachl\u00e4ssigen: Die Selbstverteidigung.<br \/>\nAusf\u00fchrlichere Infos zum Ablauf unseres Trainings findet ihr auf der Seite <a href=\"https:\/\/heide-mudokwan.de\/?page_id=4114\">&#8222;Unser Training&#8220;<\/a>.<\/p>\n<p>Wir raten dazu, 2-3 mal am Training teilzunehmen und dann zu entscheiden, ob Taekwondo ein Sport f\u00fcr euch ist und ihr, euer Kind oder die ganze Familie (dann zum Familienbeitrag) Vereinsmitglied werdet (<a href=\"https:\/\/heide-mudokwan.de\/?attachment_id=6050\">Aufnahmeantrag<\/a>). \u00dcber diese Probetrainings hinaus ist zudem eine weitere Trainingsteilnahme ohne Vereinsmitgliedschaft leider nicht zul\u00e4ssig.<\/p>\n<p>Im Vergleich zu anderen Sportarten ist ein Start ohne eine teure Startausr\u00fcstung m\u00f6glich: Zu Anfang gen\u00fcgt eine weite Hose und ein Sportoberteil. Schuhe sind nicht n\u00f6tig! Taekwondo ist ein Barfu\u00dfsport (und als solcher \u00fcbrigens sehr gut f\u00fcr die Fu\u00dfgelenke). Wenn ihr euch dann f\u00fcr eine Vereinsmitgliedschaft entscheidet, braucht ihr diesen wei\u00dfen Anzug, den Dobok oder auch Tobok gesprochen. Mit Fortschritt eurer Kampfk\u00fcnste kommen dann noch einige Schutzausr\u00fcstungsgegenst\u00e4nde dazu, die zu Beginn aber zum wesentlichen Teil auch vom Verein gestellt werden k\u00f6nnen. Welche Gr\u00f6\u00dfe und welche G\u00fcrtell\u00e4nge? Hier gehts zur Kleidungsberatung und Dre\u00dfcode: (<a href=\"https:\/\/heide-mudokwan.de\/?page_id=4118\">Der richtige Dobok und der richtige Ty<\/a>)<\/p>\n<h5>Liebe Gr\u00fc\u00dfe Euer Trainer-Team!<\/h5>\n<h4>Wir freuen uns auf euch und sagen \u201eHERZLICH WILLKOMMEN!&#8220;<\/h4>\n<\/div><\/div><\/div><\/div><\/div><\/div><\/div><\/section>\n","protected":false},"excerpt":{"rendered":"Eine Probeteilnahme an unseren vielseitigen Trainingseinheiten ist jederzeit m\u00f6glich. Unsere ausgebildeten Trainer gestalten die Trainingseinheiten mit abwechselnden Schwerpunkten, um den Themenfeldern des Taekwondo gerecht zu werden: die Grundschule \u00fcber die...","protected":false},"author":5,"featured_media":0,"parent":0,"menu_order":0,"comment_status":"closed","ping_status":"closed","template":"","meta":{"footnotes":""},"class_list":["post-4116","page","type-page","status-publish","hentry"],"_links":{"self":[{"href":"https:\/\/heide-mudokwan.de\/index.php?rest_route=\/wp\/v2\/pages\/4116","targetHints":{"allow":["GET"]}}],"collection":[{"href":"https:\/\/heide-mudokwan.de\/index.php?rest_route=\/wp\/v2\/pages"}],"about":[{"href":"https:\/\/heide-mudokwan.de\/index.php?rest_route=\/wp\/v2\/types\/page"}],"author":[{"embeddable":true,"href":"https:\/\/heide-mudokwan.de\/index.php?rest_route=\/wp\/v2\/users\/5"}],"replies":[{"embeddable":true,"href":"https:\/\/heide-mudokwan.de\/index.php?rest_route=%2Fwp%2Fv2%2Fcomments&post=4116"}],"version-history":[{"count":19,"href":"https:\/\/heide-mudokwan.de\/index.php?rest_route=\/wp\/v2\/pages\/4116\/revisions"}],"predecessor-version":[{"id":6052,"href":"https:\/\/heide-mudokwan.de\/index.php?rest_route=\/wp\/v2\/pages\/4116\/revisions\/6052"}],"wp:attachment":[{"href":"https:\/\/heide-mudokwan.de\/index.php?rest_route=%2Fwp%2Fv2%2Fmedia&parent=4116"}],"curies":[{"name":"wp","href":"https:\/\/api.w.org\/{rel}","templated":true}]}}