{"id":4406,"date":"2017-07-09T13:10:26","date_gmt":"2017-07-09T12:10:26","guid":{"rendered":"http:\/\/preview.heide-mudokwan.de\/?page_id=4406"},"modified":"2020-10-05T14:15:44","modified_gmt":"2020-10-05T13:15:44","slug":"pruefung-zum-9-kup","status":"publish","type":"page","link":"https:\/\/heide-mudokwan.de\/?page_id=4406","title":{"rendered":"Pr\u00fcfung zum 9. Kup"},"content":{"rendered":"<section class=\"l-section wpb_row height_medium\"><div class=\"l-section-h i-cf\"><div class=\"g-cols vc_row via_flex valign_top type_default stacking_default\"><div class=\"vc_col-sm-12 wpb_column vc_column_container\"><div class=\"vc_column-inner\"><div class=\"wpb_wrapper\"><div class=\" ubtn-ctn-center \"><a class=\"ubtn-link ult-adjust-bottom-margin ubtn-center ubtn-normal \" href=\"https:\/\/heide-mudokwan.de\/?attachment_id=4537\" title=\"Ablauf und Anforderungen der Pr\u00fcfung zum 9. Kup als pdf-Download\" target=\"_blank\" rel=\"noopener\" ><button type=\"button\" id=\"ubtn-6440\"  class=\"ubtn ult-adjust-bottom-margin ult-responsive ubtn-normal ubtn-top-bg  ulta-grow  ubtn-sep-icon ubtn-sep-icon-top-push  ubtn-center   tooltip-69f9dad9d1d11\"  data-hover=\"#5e0909\" data-border-color=\"\" data-bg=\"#5e0909\" data-hover-bg=\"#444444\" data-border-hover=\"\" data-shadow-hover=\"\" data-shadow-click=\"none\" data-shadow=\"\" data-shd-shadow=\"\"  data-ultimate-target='#ubtn-6440'  data-responsive-json-new='{\"font-size\":\"\",\"line-height\":\"\"}'  style=\"font-weight:normal;border:none;background: #5e0909;color: #f2f2f2;\"><span class=\"ubtn-data ubtn-icon\"><i class=\"Defaults-file-pdf-o\" style=\"font-size:32px;color:#e4ded3;\"><\/i><\/span><span class=\"ubtn-hover\" style=\"background-color:#444444\"><\/span><span class=\"ubtn-data ubtn-text \" >Seiteninhalt als PDF-Download<\/span><\/button><\/a><\/div><div class=\"w-separator size_medium with_line width_default thick_1 style_solid color_primary align_center\"><div class=\"w-separator-h\"><\/div><\/div><div class=\"wpb_text_column\"><div class=\"wpb_wrapper\"><p><h2 id=\"tablepress-12-name\" class=\"tablepress-table-name tablepress-table-name-id-12\">Ablauf der Pr\u00fcfung zum 9. Kup<\/h2>\n<span id=\"tablepress-12-description\" class=\"tablepress-table-description tablepress-table-description-id-12\">Vorbereitungszeit mindestens 48 Trainingseinheiten<\/span>\n\n<table id=\"tablepress-12\" class=\"tablepress tablepress-id-12 tbody-has-connected-cells\" aria-labelledby=\"tablepress-12-name\" aria-describedby=\"tablepress-12-description\">\n<tbody class=\"row-striping row-hover\">\n<tr class=\"row-1\">\n\t<td class=\"column-1\"><font color=\"999999\">1) Form<\/font><\/td><td class=\"column-2\"><\/td><td class=\"column-3\"><\/td>\n<\/tr>\n<tr class=\"row-2\">\n\t<td class=\"column-1\">2) Grundschule<\/td><td class=\"column-2\">apsogi arae makki, ap chagi<\/td><td class=\"column-3\"><\/td>\n<\/tr>\n<tr class=\"row-3\">\n\t<td class=\"column-1\"><font color=\"999999\">3) \u00dcberpr\u00fcfung<\/font><\/td><td class=\"column-2\"><\/td><td class=\"column-3\"><\/td>\n<\/tr>\n<tr class=\"row-4\">\n\t<td class=\"column-1\">4) Stepp\u00fcbungen<\/td><td class=\"column-2\">Aw, gleit vor, gleit r\u00fcck<\/td><td class=\"column-3\">mit Pratzen\u00fcbungen<\/td>\n<\/tr>\n<tr class=\"row-5\">\n\t<td class=\"column-1\">5) Pratzen\u00fcbungen<\/td><td class=\"column-2\">direkt palton, cut palton<\/td><td class=\"column-3\">mit Stepp\u00fcbungen<\/td>\n<\/tr>\n<tr class=\"row-6\">\n\t<td class=\"column-1\">6) Partner\u00fcbungen<\/td><td class=\"column-2\">1 Aktion ilbo taeryon<\/td><td class=\"column-3\">formenorientiert<\/td>\n<\/tr>\n<tr class=\"row-7\">\n\t<td class=\"column-1\"><font color=\"999999\">7) Freikampf\u00fcbungen<\/font><\/td><td class=\"column-2\"><\/td><td class=\"column-3\"><\/td>\n<\/tr>\n<tr class=\"row-8\">\n\t<td class=\"column-1\"><font color=\"999999\">8) Selbstverteidigung<\/font><\/td><td class=\"column-2\"><\/td><td class=\"column-3\"><\/td>\n<\/tr>\n<tr class=\"row-9\">\n\t<td class=\"column-1\"><font color=\"999999\">9) Bruchtest<\/font><\/td><td class=\"column-2\"><\/td><td class=\"column-3\"><\/td>\n<\/tr>\n<tr class=\"row-10\">\n\t<td class=\"column-1\">10) Theorie<\/td><td class=\"column-2\">Grundbegriffe, Tritte<\/td><td class=\"column-3\"><\/td>\n<\/tr>\n<tr class=\"row-11\">\n\t<td colspan=\"3\" class=\"column-1\">Stepp\u00fcbungen:<br \/>\nAuslagenwechsel im Stand (Aw)<br \/>\nVor- und R\u00fcckw\u00e4rts rutschen (gleit vor \/ gleit r\u00fcck) slid-step<\/td>\n<\/tr>\n<tr class=\"row-12\">\n\t<td colspan=\"3\" class=\"column-1\">Partner\u00fcbungen (Formen ilbo taeryon) z.B.<br \/>\nA: jumok <br \/>\nV: kima sogi (in offene Seite ) - dubon jumok chirugi<\/td>\n<\/tr>\n<\/tbody>\n<\/table>\n<!-- #tablepress-12 from cache --><br \/>\n<h2 id=\"tablepress-13-name\" class=\"tablepress-table-name tablepress-table-name-id-13\">Grundbegriffe<\/h2>\n\n<table id=\"tablepress-13\" class=\"tablepress tablepress-id-13\" aria-labelledby=\"tablepress-13-name\">\n<tbody class=\"row-striping row-hover\">\n<tr class=\"row-1\">\n\t<td class=\"column-1\">\u00dcbungsraum<\/td><td class=\"column-2\">dojang<\/td>\n<\/tr>\n<tr class=\"row-2\">\n\t<td class=\"column-1\">\u00dcbungskleidung<\/td><td class=\"column-2\">dobok<\/td>\n<\/tr>\n<tr class=\"row-3\">\n\t<td class=\"column-1\">G\u00fcrtel<\/td><td class=\"column-2\">ty<\/td>\n<\/tr>\n<tr class=\"row-4\">\n\t<td class=\"column-1\">Meister<\/td><td class=\"column-2\">sabom<\/td>\n<\/tr>\n<tr class=\"row-5\">\n\t<td class=\"column-1\">Gro\u00dfmeister<\/td><td class=\"column-2\">sabom nim<\/td>\n<\/tr>\n<tr class=\"row-6\">\n\t<td class=\"column-1\">Achtung<\/td><td class=\"column-2\">charyot<\/td>\n<\/tr>\n<tr class=\"row-7\">\n\t<td class=\"column-1\">Gr\u00fc\u00dfen<\/td><td class=\"column-2\">kyongne<\/td>\n<\/tr>\n<tr class=\"row-8\">\n\t<td class=\"column-1\">Vorbereiten<\/td><td class=\"column-2\">junbi<\/td>\n<\/tr>\n<tr class=\"row-9\">\n\t<td class=\"column-1\">Anfangen<\/td><td class=\"column-2\">sijak<\/td>\n<\/tr>\n<tr class=\"row-10\">\n\t<td class=\"column-1\">Wenden<\/td><td class=\"column-2\">tora<\/td>\n<\/tr>\n<tr class=\"row-11\">\n\t<td class=\"column-1\">Ende<\/td><td class=\"column-2\">guman<\/td>\n<\/tr>\n<tr class=\"row-12\">\n\t<td class=\"column-1\">Tritte<\/td><td class=\"column-2\">chagi<\/td>\n<\/tr>\n<\/tbody>\n<\/table>\n<!-- #tablepress-13 from cache --><br \/>\n<h2 id=\"tablepress-14-name\" class=\"tablepress-table-name tablepress-table-name-id-14\">Tritte<\/h2>\n\n<table id=\"tablepress-14\" class=\"tablepress tablepress-id-14\" aria-labelledby=\"tablepress-14-name\">\n<tbody class=\"row-striping row-hover\">\n<tr class=\"row-1\">\n\t<td class=\"column-1\">Vorw\u00e4rtstritt<\/td><td class=\"column-2\">ap chagi<\/td>\n<\/tr>\n<tr class=\"row-2\">\n\t<td class=\"column-1\">Seitw\u00e4rtstritt<\/td><td class=\"column-2\">yop chagi<\/td>\n<\/tr>\n<tr class=\"row-3\">\n\t<td class=\"column-1\">Drehtritt<\/td><td class=\"column-2\">dolyo chagi<\/td>\n<\/tr>\n<tr class=\"row-4\">\n\t<td class=\"column-1\">Tritt von o.n.u.<\/td><td class=\"column-2\">naeryo chagi<\/td>\n<\/tr>\n<tr class=\"row-5\">\n\t<td class=\"column-1\">Stopptritt<\/td><td class=\"column-2\">miro chagi<\/td>\n<\/tr>\n<tr class=\"row-6\">\n\t<td class=\"column-1\">Hakentritt<\/td><td class=\"column-2\">kolchyo chagi<\/td>\n<\/tr>\n<tr class=\"row-7\">\n\t<td class=\"column-1\">R\u00fcckw\u00e4rtstritt<\/td><td class=\"column-2\">dwit chagi<\/td>\n<\/tr>\n<tr class=\"row-8\">\n\t<td class=\"column-1\">Gegendrehtritt<\/td><td class=\"column-2\">momdolyo<\/td>\n<\/tr>\n<tr class=\"row-9\">\n\t<td class=\"column-1\">Sprungtritt<\/td><td class=\"column-2\">twio chagi<\/td>\n<\/tr>\n<tr class=\"row-10\">\n\t<td class=\"column-1\">Zieltritt<\/td><td class=\"column-2\">pyojok chagi<\/td>\n<\/tr>\n<\/tbody>\n<\/table>\n<!-- #tablepress-14 from cache --><\/p>\n<\/div><\/div><\/div><\/div><\/div><\/div><\/div><\/section>\n","protected":false},"excerpt":{"rendered":"Seiteninhalt als PDF-DownloadAblauf der Pr\u00fcfung zum 9. Kup Vorbereitungszeit mindestens 48 Trainingseinheiten 1) Form 2) Grundschuleapsogi arae makki, ap chagi 3) \u00dcberpr\u00fcfung 4) Stepp\u00fcbungenAw, gleit vor, gleit r\u00fcckmit Pratzen\u00fcbungen 5)...","protected":false},"author":5,"featured_media":0,"parent":4104,"menu_order":1,"comment_status":"closed","ping_status":"closed","template":"","meta":{"footnotes":""},"class_list":["post-4406","page","type-page","status-publish","hentry"],"_links":{"self":[{"href":"https:\/\/heide-mudokwan.de\/index.php?rest_route=\/wp\/v2\/pages\/4406","targetHints":{"allow":["GET"]}}],"collection":[{"href":"https:\/\/heide-mudokwan.de\/index.php?rest_route=\/wp\/v2\/pages"}],"about":[{"href":"https:\/\/heide-mudokwan.de\/index.php?rest_route=\/wp\/v2\/types\/page"}],"author":[{"embeddable":true,"href":"https:\/\/heide-mudokwan.de\/index.php?rest_route=\/wp\/v2\/users\/5"}],"replies":[{"embeddable":true,"href":"https:\/\/heide-mudokwan.de\/index.php?rest_route=%2Fwp%2Fv2%2Fcomments&post=4406"}],"version-history":[{"count":17,"href":"https:\/\/heide-mudokwan.de\/index.php?rest_route=\/wp\/v2\/pages\/4406\/revisions"}],"predecessor-version":[{"id":5825,"href":"https:\/\/heide-mudokwan.de\/index.php?rest_route=\/wp\/v2\/pages\/4406\/revisions\/5825"}],"up":[{"embeddable":true,"href":"https:\/\/heide-mudokwan.de\/index.php?rest_route=\/wp\/v2\/pages\/4104"}],"wp:attachment":[{"href":"https:\/\/heide-mudokwan.de\/index.php?rest_route=%2Fwp%2Fv2%2Fmedia&parent=4406"}],"curies":[{"name":"wp","href":"https:\/\/api.w.org\/{rel}","templated":true}]}}