{"id":4568,"date":"2017-07-20T18:49:45","date_gmt":"2017-07-20T17:49:45","guid":{"rendered":"http:\/\/preview.heide-mudokwan.de\/?page_id=4568"},"modified":"2020-10-05T14:15:46","modified_gmt":"2020-10-05T13:15:46","slug":"pruefung-zum-7-kup","status":"publish","type":"page","link":"https:\/\/heide-mudokwan.de\/?page_id=4568","title":{"rendered":"Pr\u00fcfung zum 7. Kup"},"content":{"rendered":"<section class=\"l-section wpb_row height_medium\"><div class=\"l-section-h i-cf\"><div class=\"g-cols vc_row via_flex valign_top type_default stacking_default\"><div class=\"vc_col-sm-12 wpb_column vc_column_container\"><div class=\"vc_column-inner\"><div class=\"wpb_wrapper\"><div class=\" ubtn-ctn-center \"><a class=\"ubtn-link ult-adjust-bottom-margin ubtn-center ubtn-normal \" href=\"https:\/\/heide-mudokwan.de\/?attachment_id=4535\" title=\"Ablauf und Anforderungen der Pr\u00fcfung zum 7. Kup als pdf-Download\" target=\"_blank\" rel=\"noopener\" ><button type=\"button\" id=\"ubtn-7260\"  class=\"ubtn ult-adjust-bottom-margin ult-responsive ubtn-normal ubtn-top-bg  ulta-grow  ubtn-sep-icon ubtn-sep-icon-top-push  ubtn-center   tooltip-69f9da87cac3f\"  data-hover=\"#5e0909\" data-border-color=\"\" data-bg=\"#5e0909\" data-hover-bg=\"#444444\" data-border-hover=\"\" data-shadow-hover=\"\" data-shadow-click=\"none\" data-shadow=\"\" data-shd-shadow=\"\"  data-ultimate-target='#ubtn-7260'  data-responsive-json-new='{\"font-size\":\"\",\"line-height\":\"\"}'  style=\"font-weight:normal;border:none;background: #5e0909;color: #f2f2f2;\"><span class=\"ubtn-data ubtn-icon\"><i class=\"Defaults-file-pdf-o\" style=\"font-size:32px;color:#5e0909;\"><\/i><\/span><span class=\"ubtn-hover\" style=\"background-color:#444444\"><\/span><span class=\"ubtn-data ubtn-text \" >Seiteninhalt als PDF-Download<\/span><\/button><\/a><\/div><div class=\"w-separator size_medium with_line width_default thick_1 style_solid color_primary align_center\"><div class=\"w-separator-h\"><\/div><\/div><div class=\"wpb_text_column\"><div class=\"wpb_wrapper\"><h2 id=\"tablepress-20-name\" class=\"tablepress-table-name tablepress-table-name-id-20\">Ablauf der Pr\u00fcfung zum 7. Kup<\/h2>\n<span id=\"tablepress-20-description\" class=\"tablepress-table-description tablepress-table-description-id-20\">Vorbereitungszeit mindestens 48 Trainingseinheiten<\/span>\n\n<table id=\"tablepress-20\" class=\"tablepress tablepress-id-20 tbody-has-connected-cells\" aria-labelledby=\"tablepress-20-name\" aria-describedby=\"tablepress-20-description\">\n<tbody class=\"row-striping row-hover\">\n<tr class=\"row-1\">\n\t<td class=\"column-1\">1) Form<\/td><td class=\"column-2\">Form Nr.1 (taeguk il chang)<\/td><td class=\"column-3\"><\/td>\n<\/tr>\n<tr class=\"row-2\">\n\t<td class=\"column-1\">2) Grundschule<\/td><td class=\"column-2\">dwit gubi dubon palmok makki, yop chagi<\/td><td class=\"column-3\"><\/td>\n<\/tr>\n<tr class=\"row-3\">\n\t<td class=\"column-1\"><font color=\"999999\">3) \u00dcberpr\u00fcfung<\/font><\/td><td class=\"column-2\"><\/td><td class=\"column-3\"><\/td>\n<\/tr>\n<tr class=\"row-4\">\n\t<td class=\"column-1\"><font color=\"999999\">4) Stepp\u00fcbungen<\/font><\/td><td class=\"column-2\"><\/td><td class=\"column-3\"><\/td>\n<\/tr>\n<tr class=\"row-5\">\n\t<td class=\"column-1\">5) Pratzen\u00fcbungen<\/td><td class=\"column-2\">dwit chagi (gro\u00dfe Pratze), WK dolyo (palton zum Kopf)<\/td><td class=\"column-3\"><\/td>\n<\/tr>\n<tr class=\"row-6\">\n\t<td class=\"column-1\">6) Partner\u00fcbungen<\/td><td class=\"column-2\">2 Aktion ilbo taeryon<\/td><td class=\"column-3\"><\/td>\n<\/tr>\n<tr class=\"row-7\">\n\t<td class=\"column-1\">7) Freikampf\u00fcbungen<\/td><td class=\"column-2\">Sparring<\/td><td class=\"column-3\"><\/td>\n<\/tr>\n<tr class=\"row-8\">\n\t<td class=\"column-1\">8) Selbstverteidigung<\/td><td class=\"column-2\">Lange und mittlere Distanz<\/td><td class=\"column-3\"><\/td>\n<\/tr>\n<tr class=\"row-9\">\n\t<td class=\"column-1\"><font color=\"999999\">9) Bruchtest<\/font><\/td><td class=\"column-2\"><\/td><td class=\"column-3\"><\/td>\n<\/tr>\n<tr class=\"row-10\">\n\t<td class=\"column-1\">10) Theorie<\/td><td class=\"column-2\">Notwehrparagraph<\/td><td class=\"column-3\"><\/td>\n<\/tr>\n<tr class=\"row-11\">\n\t<td colspan=\"3\" class=\"column-1\">Partner\u00fcbungen (Formen ilbo taeryon)<br \/>\nA. jumok<br \/>\nV. kima sogi (in offene Seite) - dubon jumok chirugi<br \/>\nA. jumok<br \/>\nV. apchagi (vorderer Fu\u00df) - twio apchaggi - Kampfstellung<\/td>\n<\/tr>\n<\/tbody>\n<\/table>\n<!-- #tablepress-20 from cache -->\n<h4>\u00a7 32 StGB Notwehr<\/h4>\n<p><strong>(1)\u00a0 Wer eine Tat begeht, die durch Notwehr geboten ist, handelt nicht rechtswidrig.<\/strong><br \/>\n<strong>2)\u00a0\u00a0Notwehr ist die Verteidigung, die erforderlich ist, um einen gegenw\u00e4rtigen, rechtswidrigen Angriff von sich oder einem anderen abzuwenden.<\/strong><\/p>\n<p><strong>\u201cNotwehr ist die Verteidigung &#8230;\u201c<br \/>\n<\/strong>In Notwehr handelt jemand, wenn es sich um eine Verteidigungsaktion handelt;\u00a0was durch die Formulierung \u201eum&#8230;abzuwenden\u201c deutlich wird.<\/p>\n<p><strong>\u201cdie erforderlich ist &#8230;\u201c<br \/>\n<\/strong>Die Notwehrhandlung ist so lange vom Gesetz gesch\u00fctzt, wie sie denn zur Abwehr dient, z.B. Fassen ggf. nicht mit Messer abwehren.<\/p>\n<p><strong>\u201ceinen gegenw\u00e4rtigen, rechtswidrigen Angriff&#8230;\u201c<\/strong><br \/>\nGegenw\u00e4rtig ist ein Angriff, der unmittelbar bevorsteht, gerade stattfindet oder noch andauert.<\/p>\n<p><strong>\u201evon sich oder einem anderen&#8230;\u201c<br \/>\n<\/strong>Eine Notwehrsituation kann vorliegen unabh\u00e4ngig davon ob ich mich, ein Familienmitglied oder eine v\u00f6llig fremde Person verteidige.<\/p>\n<h4>\u00a7 33 StGB \u00dcberschreitung der Notwehr<\/h4>\n<p><strong>\u00dcberschreitet der T\u00e4ter die Grenzen der Notwehr aus Verwirrung, Furcht oder Schrecken, so wird er nicht bestraft.<\/strong><\/p>\n<\/div><\/div><\/div><\/div><\/div><\/div><\/div><\/section>\n","protected":false},"excerpt":{"rendered":"Seiteninhalt als PDF-DownloadAblauf der Pr\u00fcfung zum 7. Kup Vorbereitungszeit mindestens 48 Trainingseinheiten 1) FormForm Nr.1 (taeguk il chang) 2) Grundschuledwit gubi dubon palmok makki, yop chagi 3) \u00dcberpr\u00fcfung 4) Stepp\u00fcbungen...","protected":false},"author":5,"featured_media":0,"parent":4104,"menu_order":3,"comment_status":"closed","ping_status":"closed","template":"","meta":{"footnotes":""},"class_list":["post-4568","page","type-page","status-publish","hentry"],"_links":{"self":[{"href":"https:\/\/heide-mudokwan.de\/index.php?rest_route=\/wp\/v2\/pages\/4568","targetHints":{"allow":["GET"]}}],"collection":[{"href":"https:\/\/heide-mudokwan.de\/index.php?rest_route=\/wp\/v2\/pages"}],"about":[{"href":"https:\/\/heide-mudokwan.de\/index.php?rest_route=\/wp\/v2\/types\/page"}],"author":[{"embeddable":true,"href":"https:\/\/heide-mudokwan.de\/index.php?rest_route=\/wp\/v2\/users\/5"}],"replies":[{"embeddable":true,"href":"https:\/\/heide-mudokwan.de\/index.php?rest_route=%2Fwp%2Fv2%2Fcomments&post=4568"}],"version-history":[{"count":5,"href":"https:\/\/heide-mudokwan.de\/index.php?rest_route=\/wp\/v2\/pages\/4568\/revisions"}],"predecessor-version":[{"id":5829,"href":"https:\/\/heide-mudokwan.de\/index.php?rest_route=\/wp\/v2\/pages\/4568\/revisions\/5829"}],"up":[{"embeddable":true,"href":"https:\/\/heide-mudokwan.de\/index.php?rest_route=\/wp\/v2\/pages\/4104"}],"wp:attachment":[{"href":"https:\/\/heide-mudokwan.de\/index.php?rest_route=%2Fwp%2Fv2%2Fmedia&parent=4568"}],"curies":[{"name":"wp","href":"https:\/\/api.w.org\/{rel}","templated":true}]}}